{"id":2,"date":"2025-12-28T17:55:39","date_gmt":"2025-12-28T16:55:39","guid":{"rendered":"https:\/\/bootfitting-la.fr\/?page_id=2"},"modified":"2026-01-02T21:59:03","modified_gmt":"2026-01-02T20:59:03","slug":"page-d-exemple","status":"publish","type":"page","link":"https:\/\/bootfitting-la.fr\/index.php\/page-d-exemple\/","title":{"rendered":"Qui suis-je ?"},"content":{"rendered":"\n<h2 class=\"wp-block-heading\">Je m&rsquo;appelle Laurie-Anne <\/h2>\n\n\n\n<p>Les chevaux font partie de ma vie depuis toujours. Je monte \u00e0 cheval depuis l\u2019\u00e2ge de 3 ans et j&rsquo;ai pratiqu\u00e9 diff\u00e9rentes disciplines, de la randonn\u00e9e \u00e9questre, au CCE et CSO en comp\u00e9tition, ainsi que du dressage ou du spectacle \u00e9questre.<\/p>\n\n\n\n<p>Je partage aujourd\u2019hui mon quotidien avec <strong>Quinoa<\/strong>, ma jument maintenant en pr\u00e9-retraite, avec laquelle j\u2019ai pu exp\u00e9rimenter de nombreuses approches du travail du cheval. Cette exp\u00e9rience me permet de comprendre concr\u00e8tement les besoins sp\u00e9cifiques de chaque cheval, selon son activit\u00e9, son environnement et son cavalier.<\/p>\n\n\n<div class=\"wp-block-image is-style-rounded\">\n<figure class=\"aligncenter size-full is-resized\"><img loading=\"lazy\" decoding=\"async\" width=\"1068\" height=\"659\" src=\"https:\/\/bootfitting-la.fr\/wp-content\/uploads\/2026\/01\/Laurie-Anne-et-Quinoa-en-2012.png\" alt=\"\" class=\"wp-image-135\" style=\"aspect-ratio:1.6206439165561317;width:506px;height:auto\" srcset=\"https:\/\/bootfitting-la.fr\/wp-content\/uploads\/2026\/01\/Laurie-Anne-et-Quinoa-en-2012.png 1068w, https:\/\/bootfitting-la.fr\/wp-content\/uploads\/2026\/01\/Laurie-Anne-et-Quinoa-en-2012-300x185.png 300w, https:\/\/bootfitting-la.fr\/wp-content\/uploads\/2026\/01\/Laurie-Anne-et-Quinoa-en-2012-1024x632.png 1024w, https:\/\/bootfitting-la.fr\/wp-content\/uploads\/2026\/01\/Laurie-Anne-et-Quinoa-en-2012-768x474.png 768w\" sizes=\"auto, (max-width: 1068px) 100vw, 1068px\" \/><\/figure>\n<\/div>\n\n\n<hr class=\"wp-block-separator has-alpha-channel-opacity\"\/>\n\n\n\n<h2 class=\"wp-block-heading\">Une expertise reconnue en hipposandales et bootfitting<\/h2>\n\n\n\n<p>Pendant 5 ans, j\u2019ai travaill\u00e9 chez le leader europ\u00e9en de la vente d\u2019hipposandales, o\u00f9 j\u2019ai accompagn\u00e9 quotidiennement des propri\u00e9taires de chevaux dans le choix, l\u2019essai et l\u2019utilisation d\u2019hipposandales adapt\u00e9es.<\/p>\n\n\n\n<p>Ce travail m\u2019a permis de d\u00e9velopper une expertise technique approfondie du pied du cheval, des diff\u00e9rents mod\u00e8les d\u2019hipposandales existants et des probl\u00e9matiques fr\u00e9quemment rencontr\u00e9es : taille inadapt\u00e9e, inconfort, pertes ou blessures.<\/p>\n\n\n\n<p>Je suis \u00e9galement titulaire du Galop 7, d\u2019un BEPA \u00e9levage du cheval et d\u2019un Bac Professionnel en gestion d\u2019\u00e9levage \u00e9quin, des formations qui enrichissent aujourd\u2019hui mon approche globale du bien-\u00eatre et du confort du cheval.<\/p>\n\n\n\n<hr class=\"wp-block-separator has-alpha-channel-opacity\"\/>\n\n\n\n<h2 class=\"wp-block-heading\">Pourquoi proposer des s\u00e9ances de bootfitting ?<\/h2>\n\n\n\n<p>Le <strong>bootfitting \u00e9quin<\/strong> s\u2019est impos\u00e9 comme une \u00e9vidence. J\u2019aime \u00eatre sur le terrain, au contact des chevaux et de leurs propri\u00e9taires, et proposer un accompagnement concret et personnalis\u00e9.<\/p>\n\n\n\n<p>Face \u00e0 une demande croissante pour l\u2019essai d\u2019hipposandales \u00e0 domicile, et \u00e0 de nombreuses interrogations autour de leur utilisation, j\u2019ai choisi de me sp\u00e9cialiser dans l\u2019adaptation d\u2019hipposandales directement chez les clients.<\/p>\n\n\n\n<hr class=\"wp-block-separator has-alpha-channel-opacity\"\/>\n\n\n\n<h2 class=\"wp-block-heading\">Ma vision des hipposandales pour chevaux<\/h2>\n\n\n\n<p>Les hipposandales sont pour moi une solution naturelle et pratique, permettant d\u2019am\u00e9liorer le confort du cheval sans les contraintes parfois associ\u00e9es au ferrage.<\/p>\n\n\n\n<p>Je tiens cependant \u00e0 le pr\u00e9ciser : <strong>je ne suis pas \u00ab\u00a0anti-fer<\/strong>\u00ab\u00a0.<br>Dans certains cas sp\u00e9cifiques ou pour certaines pathologies, le ferrage peut \u00eatre une solution adapt\u00e9e. Chaque cheval est unique, et chaque situation m\u00e9rite une analyse personnalis\u00e9e.<\/p>\n\n\n\n<p>Faire tomber les a priori sur les hipposandales car, bien choisies et bien ajust\u00e9es, elles ne tournent pas, ne blessent pas et ne se perdent pas.<\/p>\n\n\n\n<hr class=\"wp-block-separator has-alpha-channel-opacity\"\/>\n\n\n\n<h2 class=\"wp-block-heading has-medium-font-size\">Comment se d\u00e9roule une s\u00e9ance de bootfitting ? <strong>(plus d&rsquo;infos <a href=\"https:\/\/bootfitting-la.fr\/index.php\/2025\/12\/28\/bonjour-tout-le-monde\/\" data-type=\"page\" data-id=\"7\">ici<\/a>)<\/strong> <\/h2>\n\n\n\n<p>Une s\u00e9ance de bootfitting pour chevaux est pens\u00e9e pour respecter le rythme du cheval : ni trop courte, ni trop longue.<\/p>\n\n\n\n<p>Avant tout essai, je prends le temps de :<\/p>\n\n\n\n<ul class=\"wp-block-list\">\n<li>\u00e9couter le cavalier,<\/li>\n\n\n\n<li>identifier pr\u00e9cis\u00e9ment les besoins du cheval,<\/li>\n\n\n\n<li>analyser l\u2019usage pr\u00e9vu (loisir, randonn\u00e9e, travail, reprise d\u2019activit\u00e9\u2026).<\/li>\n<\/ul>\n\n\n\n<p>Je suis quelqu\u2019un de positive, joviale et \u00e0 l\u2019\u00e9coute, et j\u2019encourage toujours les questions et les \u00e9changes. Mon objectif est que chaque s\u00e9ance soit un moment de compr\u00e9hension et de confiance.<\/p>\n\n\n\n<hr class=\"wp-block-separator has-alpha-channel-opacity\"\/>\n\n\n\n<h2 class=\"wp-block-heading\">Un accompagnement honn\u00eate et ind\u00e9pendant<\/h2>\n\n\n\n<p>Je ne r\u00e9alise aucune vente d\u2019hipposandales.<br>Cela me permet de rester totalement ind\u00e9pendante et objective dans mes conseils. Nous choisissons ensemble la solution la plus adapt\u00e9e au cheval et au cavalier, sans contrainte commerciale.<\/p>\n\n\n\n<p>Si un cheval me semble difficile ou impossible \u00e0 chausser, je le dirai en toute transparence.<\/p>\n\n\n\n<hr class=\"wp-block-separator has-alpha-channel-opacity\"\/>\n\n\n\n<h2 class=\"wp-block-heading\">Bien-\u00eatre, p\u00e9dagogie et accompagnement durable<\/h2>\n\n\n\n<p>Le bien-\u00eatre du cheval et du cavalier, l\u2019\u00e9coute et la p\u00e9dagogie sont au c\u0153ur de mon approche du bootfitting.<\/p>\n\n\n\n<p>Mon objectif est que vous repartiez rassur\u00e9s, confiants et autonomes, avec une solution r\u00e9ellement adapt\u00e9e \u00e0 votre cheval.<\/p>\n\n\n\n<p>\u00c0 moyen terme, je souhaite d\u00e9velopper un r\u00e9seau de professionnels \u00e9quins, travailler en collaboration avec mar\u00e9chaux, pareurs et v\u00e9t\u00e9rinaires, et proposer un accompagnement durable bas\u00e9 sur la confiance et le respect du cheval.<\/p>\n\n\n\n<p><\/p>\n","protected":false},"excerpt":{"rendered":"<p>Je m&rsquo;appelle Laurie-Anne Les chevaux font partie de ma vie depuis toujours. Je monte \u00e0 cheval depuis l\u2019\u00e2ge de 3 ans et j&rsquo;ai pratiqu\u00e9 diff\u00e9rentes disciplines, de la randonn\u00e9e \u00e9questre, au CCE et CSO en comp\u00e9tition, ainsi que du dressage ou du spectacle \u00e9questre. Je partage aujourd\u2019hui mon quotidien avec Quinoa, ma jument maintenant en&hellip; <br \/> <a class=\"button small blue\" href=\"https:\/\/bootfitting-la.fr\/index.php\/page-d-exemple\/\">Lire la suite<\/a><\/p>\n","protected":false},"author":1,"featured_media":0,"parent":0,"menu_order":0,"comment_status":"closed","ping_status":"open","template":"","meta":{"footnotes":""},"class_list":["post-2","page","type-page","status-publish","hentry"],"yoast_head":"<!-- This site is optimized with the Yoast SEO plugin v26.7 - https:\/\/yoast.com\/wordpress\/plugins\/seo\/ -->\n<title>Qui suis-je ? - L-A Solution<\/title>\n<meta name=\"robots\" content=\"index, follow, max-snippet:-1, max-image-preview:large, max-video-preview:-1\" \/>\n<link rel=\"canonical\" href=\"https:\/\/bootfitting-la.fr\/index.php\/page-d-exemple\/\" \/>\n<meta property=\"og:locale\" content=\"fr_FR\" \/>\n<meta property=\"og:type\" content=\"article\" \/>\n<meta property=\"og:title\" content=\"Qui suis-je ? - L-A Solution\" \/>\n<meta property=\"og:description\" content=\"Je m&rsquo;appelle Laurie-Anne Les chevaux font partie de ma vie depuis toujours. Je monte \u00e0 cheval depuis l\u2019\u00e2ge de 3 ans et j&rsquo;ai pratiqu\u00e9 diff\u00e9rentes disciplines, de la randonn\u00e9e \u00e9questre, au CCE et CSO en comp\u00e9tition, ainsi que du dressage ou du spectacle \u00e9questre. Je partage aujourd\u2019hui mon quotidien avec Quinoa, ma jument maintenant en&hellip; Lire la suite\" \/>\n<meta property=\"og:url\" content=\"https:\/\/bootfitting-la.fr\/index.php\/page-d-exemple\/\" \/>\n<meta property=\"og:site_name\" content=\"L-A Solution\" \/>\n<meta property=\"article:publisher\" content=\"https:\/\/www.facebook.com\/profile.php?id=61585788181223&amp;sk=about&amp;locale=fr_FR\" \/>\n<meta property=\"article:modified_time\" content=\"2026-01-02T20:59:03+00:00\" \/>\n<meta property=\"og:image\" content=\"https:\/\/bootfitting-la.fr\/wp-content\/uploads\/2026\/01\/Laurie-Anne-et-Quinoa-en-2012.png\" \/>\n\t<meta property=\"og:image:width\" content=\"1068\" \/>\n\t<meta property=\"og:image:height\" content=\"659\" \/>\n\t<meta property=\"og:image:type\" content=\"image\/png\" \/>\n<meta name=\"twitter:card\" content=\"summary_large_image\" \/>\n<meta name=\"twitter:label1\" content=\"Dur\u00e9e de lecture estim\u00e9e\" \/>\n\t<meta name=\"twitter:data1\" content=\"3 minutes\" \/>\n<script type=\"application\/ld+json\" class=\"yoast-schema-graph\">{\"@context\":\"https:\/\/schema.org\",\"@graph\":[{\"@type\":\"WebPage\",\"@id\":\"https:\/\/bootfitting-la.fr\/index.php\/page-d-exemple\/\",\"url\":\"https:\/\/bootfitting-la.fr\/index.php\/page-d-exemple\/\",\"name\":\"Qui suis-je ? - L-A Solution\",\"isPartOf\":{\"@id\":\"https:\/\/bootfitting-la.fr\/#website\"},\"primaryImageOfPage\":{\"@id\":\"https:\/\/bootfitting-la.fr\/index.php\/page-d-exemple\/#primaryimage\"},\"image\":{\"@id\":\"https:\/\/bootfitting-la.fr\/index.php\/page-d-exemple\/#primaryimage\"},\"thumbnailUrl\":\"https:\/\/bootfitting-la.fr\/wp-content\/uploads\/2026\/01\/Laurie-Anne-et-Quinoa-en-2012.png\",\"datePublished\":\"2025-12-28T16:55:39+00:00\",\"dateModified\":\"2026-01-02T20:59:03+00:00\",\"breadcrumb\":{\"@id\":\"https:\/\/bootfitting-la.fr\/index.php\/page-d-exemple\/#breadcrumb\"},\"inLanguage\":\"fr-FR\",\"potentialAction\":[{\"@type\":\"ReadAction\",\"target\":[\"https:\/\/bootfitting-la.fr\/index.php\/page-d-exemple\/\"]}]},{\"@type\":\"ImageObject\",\"inLanguage\":\"fr-FR\",\"@id\":\"https:\/\/bootfitting-la.fr\/index.php\/page-d-exemple\/#primaryimage\",\"url\":\"https:\/\/bootfitting-la.fr\/wp-content\/uploads\/2026\/01\/Laurie-Anne-et-Quinoa-en-2012.png\",\"contentUrl\":\"https:\/\/bootfitting-la.fr\/wp-content\/uploads\/2026\/01\/Laurie-Anne-et-Quinoa-en-2012.png\",\"width\":1068,\"height\":659},{\"@type\":\"BreadcrumbList\",\"@id\":\"https:\/\/bootfitting-la.fr\/index.php\/page-d-exemple\/#breadcrumb\",\"itemListElement\":[{\"@type\":\"ListItem\",\"position\":1,\"name\":\"Accueil\",\"item\":\"https:\/\/bootfitting-la.fr\/\"},{\"@type\":\"ListItem\",\"position\":2,\"name\":\"Qui suis-je ?\"}]},{\"@type\":\"WebSite\",\"@id\":\"https:\/\/bootfitting-la.fr\/#website\",\"url\":\"https:\/\/bootfitting-la.fr\/\",\"name\":\"L-A Solution\",\"description\":\"Horse bootfitting\",\"publisher\":{\"@id\":\"https:\/\/bootfitting-la.fr\/#organization\"},\"potentialAction\":[{\"@type\":\"SearchAction\",\"target\":{\"@type\":\"EntryPoint\",\"urlTemplate\":\"https:\/\/bootfitting-la.fr\/?s={search_term_string}\"},\"query-input\":{\"@type\":\"PropertyValueSpecification\",\"valueRequired\":true,\"valueName\":\"search_term_string\"}}],\"inLanguage\":\"fr-FR\"},{\"@type\":\"Organization\",\"@id\":\"https:\/\/bootfitting-la.fr\/#organization\",\"name\":\"L-A Solution\",\"url\":\"https:\/\/bootfitting-la.fr\/\",\"logo\":{\"@type\":\"ImageObject\",\"inLanguage\":\"fr-FR\",\"@id\":\"https:\/\/bootfitting-la.fr\/#\/schema\/logo\/image\/\",\"url\":\"https:\/\/bootfitting-la.fr\/wp-content\/uploads\/2026\/01\/cropped-cropped-cropped-Logo-version-4-1-1.png\",\"contentUrl\":\"https:\/\/bootfitting-la.fr\/wp-content\/uploads\/2026\/01\/cropped-cropped-cropped-Logo-version-4-1-1.png\",\"width\":400,\"height\":443,\"caption\":\"L-A Solution\"},\"image\":{\"@id\":\"https:\/\/bootfitting-la.fr\/#\/schema\/logo\/image\/\"},\"sameAs\":[\"https:\/\/www.facebook.com\/profile.php?id=61585788181223&sk=about&locale=fr_FR\"]}]}<\/script>\n<!-- \/ Yoast SEO plugin. -->","yoast_head_json":{"title":"Qui suis-je ? - L-A Solution","robots":{"index":"index","follow":"follow","max-snippet":"max-snippet:-1","max-image-preview":"max-image-preview:large","max-video-preview":"max-video-preview:-1"},"canonical":"https:\/\/bootfitting-la.fr\/index.php\/page-d-exemple\/","og_locale":"fr_FR","og_type":"article","og_title":"Qui suis-je ? - L-A Solution","og_description":"Je m&rsquo;appelle Laurie-Anne Les chevaux font partie de ma vie depuis toujours. Je monte \u00e0 cheval depuis l\u2019\u00e2ge de 3 ans et j&rsquo;ai pratiqu\u00e9 diff\u00e9rentes disciplines, de la randonn\u00e9e \u00e9questre, au CCE et CSO en comp\u00e9tition, ainsi que du dressage ou du spectacle \u00e9questre. Je partage aujourd\u2019hui mon quotidien avec Quinoa, ma jument maintenant en&hellip; Lire la suite","og_url":"https:\/\/bootfitting-la.fr\/index.php\/page-d-exemple\/","og_site_name":"L-A Solution","article_publisher":"https:\/\/www.facebook.com\/profile.php?id=61585788181223&sk=about&locale=fr_FR","article_modified_time":"2026-01-02T20:59:03+00:00","og_image":[{"width":1068,"height":659,"url":"https:\/\/bootfitting-la.fr\/wp-content\/uploads\/2026\/01\/Laurie-Anne-et-Quinoa-en-2012.png","type":"image\/png"}],"twitter_card":"summary_large_image","twitter_misc":{"Dur\u00e9e de lecture estim\u00e9e":"3 minutes"},"schema":{"@context":"https:\/\/schema.org","@graph":[{"@type":"WebPage","@id":"https:\/\/bootfitting-la.fr\/index.php\/page-d-exemple\/","url":"https:\/\/bootfitting-la.fr\/index.php\/page-d-exemple\/","name":"Qui suis-je ? - L-A Solution","isPartOf":{"@id":"https:\/\/bootfitting-la.fr\/#website"},"primaryImageOfPage":{"@id":"https:\/\/bootfitting-la.fr\/index.php\/page-d-exemple\/#primaryimage"},"image":{"@id":"https:\/\/bootfitting-la.fr\/index.php\/page-d-exemple\/#primaryimage"},"thumbnailUrl":"https:\/\/bootfitting-la.fr\/wp-content\/uploads\/2026\/01\/Laurie-Anne-et-Quinoa-en-2012.png","datePublished":"2025-12-28T16:55:39+00:00","dateModified":"2026-01-02T20:59:03+00:00","breadcrumb":{"@id":"https:\/\/bootfitting-la.fr\/index.php\/page-d-exemple\/#breadcrumb"},"inLanguage":"fr-FR","potentialAction":[{"@type":"ReadAction","target":["https:\/\/bootfitting-la.fr\/index.php\/page-d-exemple\/"]}]},{"@type":"ImageObject","inLanguage":"fr-FR","@id":"https:\/\/bootfitting-la.fr\/index.php\/page-d-exemple\/#primaryimage","url":"https:\/\/bootfitting-la.fr\/wp-content\/uploads\/2026\/01\/Laurie-Anne-et-Quinoa-en-2012.png","contentUrl":"https:\/\/bootfitting-la.fr\/wp-content\/uploads\/2026\/01\/Laurie-Anne-et-Quinoa-en-2012.png","width":1068,"height":659},{"@type":"BreadcrumbList","@id":"https:\/\/bootfitting-la.fr\/index.php\/page-d-exemple\/#breadcrumb","itemListElement":[{"@type":"ListItem","position":1,"name":"Accueil","item":"https:\/\/bootfitting-la.fr\/"},{"@type":"ListItem","position":2,"name":"Qui suis-je ?"}]},{"@type":"WebSite","@id":"https:\/\/bootfitting-la.fr\/#website","url":"https:\/\/bootfitting-la.fr\/","name":"L-A Solution","description":"Horse bootfitting","publisher":{"@id":"https:\/\/bootfitting-la.fr\/#organization"},"potentialAction":[{"@type":"SearchAction","target":{"@type":"EntryPoint","urlTemplate":"https:\/\/bootfitting-la.fr\/?s={search_term_string}"},"query-input":{"@type":"PropertyValueSpecification","valueRequired":true,"valueName":"search_term_string"}}],"inLanguage":"fr-FR"},{"@type":"Organization","@id":"https:\/\/bootfitting-la.fr\/#organization","name":"L-A Solution","url":"https:\/\/bootfitting-la.fr\/","logo":{"@type":"ImageObject","inLanguage":"fr-FR","@id":"https:\/\/bootfitting-la.fr\/#\/schema\/logo\/image\/","url":"https:\/\/bootfitting-la.fr\/wp-content\/uploads\/2026\/01\/cropped-cropped-cropped-Logo-version-4-1-1.png","contentUrl":"https:\/\/bootfitting-la.fr\/wp-content\/uploads\/2026\/01\/cropped-cropped-cropped-Logo-version-4-1-1.png","width":400,"height":443,"caption":"L-A Solution"},"image":{"@id":"https:\/\/bootfitting-la.fr\/#\/schema\/logo\/image\/"},"sameAs":["https:\/\/www.facebook.com\/profile.php?id=61585788181223&sk=about&locale=fr_FR"]}]}},"_links":{"self":[{"href":"https:\/\/bootfitting-la.fr\/index.php\/wp-json\/wp\/v2\/pages\/2","targetHints":{"allow":["GET"]}}],"collection":[{"href":"https:\/\/bootfitting-la.fr\/index.php\/wp-json\/wp\/v2\/pages"}],"about":[{"href":"https:\/\/bootfitting-la.fr\/index.php\/wp-json\/wp\/v2\/types\/page"}],"author":[{"embeddable":true,"href":"https:\/\/bootfitting-la.fr\/index.php\/wp-json\/wp\/v2\/users\/1"}],"replies":[{"embeddable":true,"href":"https:\/\/bootfitting-la.fr\/index.php\/wp-json\/wp\/v2\/comments?post=2"}],"version-history":[{"count":18,"href":"https:\/\/bootfitting-la.fr\/index.php\/wp-json\/wp\/v2\/pages\/2\/revisions"}],"predecessor-version":[{"id":142,"href":"https:\/\/bootfitting-la.fr\/index.php\/wp-json\/wp\/v2\/pages\/2\/revisions\/142"}],"wp:attachment":[{"href":"https:\/\/bootfitting-la.fr\/index.php\/wp-json\/wp\/v2\/media?parent=2"}],"curies":[{"name":"wp","href":"https:\/\/api.w.org\/{rel}","templated":true}]}}